{"id":73,"date":"2023-02-26T14:20:55","date_gmt":"2023-02-26T14:20:55","guid":{"rendered":"https:\/\/gavarra.pl\/?page_id=73"},"modified":"2023-03-02T07:27:04","modified_gmt":"2023-03-02T07:27:04","slug":"kontakt-2","status":"publish","type":"page","link":"https:\/\/gavarra.pl\/","title":{"rendered":"Kontakt"},"content":{"rendered":"\n<h2 class=\"has-text-align-center wp-block-heading\">Kontakt<\/h2>\n\n\n\n<h6 class=\"has-text-align-center wp-block-heading\">Gavarra Invest Sp\u00f3\u0142ka z Ograniczon\u0105 Odpowiedzialno\u015bci\u0105 <br>ul .Sk\u0142adowa 42 A<br>62-081 Prze\u017amierowo<br>NIP: 7811901580<br>KRS: 1006828<\/h6>\n\n\n\n<h6 class=\"has-text-align-center wp-block-heading\"> <\/h6>\n","protected":false},"excerpt":{"rendered":"<p>Kontakt Gavarra Invest Sp\u00f3\u0142ka z Ograniczon\u0105 Odpowiedzialno\u015bci\u0105 ul .Sk\u0142adowa 42 A62-081 Prze\u017amierowoNIP: 7811901580KRS: 1006828<\/p>\n","protected":false},"author":1,"featured_media":0,"parent":0,"menu_order":0,"comment_status":"closed","ping_status":"closed","template":"","meta":{"hide_page_title":"","footnotes":""},"class_list":["post-73","page","type-page","status-publish","hentry"],"_links":{"self":[{"href":"https:\/\/gavarra.pl\/index.php?rest_route=\/wp\/v2\/pages\/73","targetHints":{"allow":["GET"]}}],"collection":[{"href":"https:\/\/gavarra.pl\/index.php?rest_route=\/wp\/v2\/pages"}],"about":[{"href":"https:\/\/gavarra.pl\/index.php?rest_route=\/wp\/v2\/types\/page"}],"author":[{"embeddable":true,"href":"https:\/\/gavarra.pl\/index.php?rest_route=\/wp\/v2\/users\/1"}],"replies":[{"embeddable":true,"href":"https:\/\/gavarra.pl\/index.php?rest_route=%2Fwp%2Fv2%2Fcomments&post=73"}],"version-history":[{"count":10,"href":"https:\/\/gavarra.pl\/index.php?rest_route=\/wp\/v2\/pages\/73\/revisions"}],"predecessor-version":[{"id":93,"href":"https:\/\/gavarra.pl\/index.php?rest_route=\/wp\/v2\/pages\/73\/revisions\/93"}],"wp:attachment":[{"href":"https:\/\/gavarra.pl\/index.php?rest_route=%2Fwp%2Fv2%2Fmedia&parent=73"}],"curies":[{"name":"wp","href":"https:\/\/api.w.org\/{rel}","templated":true}]}}